{"id":39,"date":"2021-01-24T17:38:24","date_gmt":"2021-01-24T15:38:24","guid":{"rendered":"http:\/\/xn--hhn-psychotherapie-d3b.de\/?page_id=39"},"modified":"2021-02-13T18:59:21","modified_gmt":"2021-02-13T16:59:21","slug":"impressum","status":"publish","type":"page","link":"http:\/\/xn--hhn-psychotherapie-d3b.de\/?page_id=39","title":{"rendered":"Impressum"},"content":{"rendered":"\n<p class=\"has-text-align-center has-large-font-size\">Impressum \u2013 Angaben gem\u00e4\u00df \u00a75 TMG<\/p>\n\n\n\n<p>Herausgeberin der Webseite:<br>Mag. rer. nat. Maria H\u00f6hn<br>Praxis f\u00fcr Psychotherapie Maria H\u00f6hn<br>Maria-Ward-Str. 1, 83527 Haag i. OB<\/p>\n\n\n\n<p>Kontakt:<br>Telefon: 08072 3767569<br>E-Mail: kontakt[\u00e4t]hoehn-psychotherapie[punkt]de<\/p>\n\n\n\n<p>Berufsbezeichnung:<br>Psychologische Psychotherapeutin<br>Approbation verliehen durch die Regierung von Oberbayern<\/p>\n\n\n\n<p>Zust\u00e4ndige Kammer und Aufsichtsbeh\u00f6rde:<br><a rel=\"noreferrer noopener\" href=\"https:\/\/www.ptk-bayern.de\/\" target=\"_blank\">Bayerische Landeskammer der Psychologischen Psychotherapeuten und der Kinder- und Jugendlichenpsychotherapeuten<\/a>, Birketweg 30, 80639 M\u00fcnchen<br>Berufsrechtliche Regelungen:<br>Berufsordnung f\u00fcr Psychologische Psychotherapeuten (einsehbar \u00fcber die Landeskammer)<a href=\"http:\/\/www.ptk-bayern.de\/\"><\/a><\/p>\n\n\n\n<p>Zudem bin ich Mitglied der <a rel=\"noreferrer noopener\" href=\"https:\/\/www.kvb.de\/\" target=\"_blank\">Kassen\u00e4rztlichen Vereinigung Bayerns<\/a>, Elsenheimer Str. 39, 80689<br>M\u00fcnchen (LANR.: 6822520)<br><\/p>\n\n\n\n<p>Verantwortlich f\u00fcr den Inhalt nach \u00a7 55 Abs. 2 RStV:<br>Maria H\u00f6hn<br>Maria-Ward-Str. 1<br>83527 Haag i. OB<\/p>\n\n\n\n<p>Haftung f\u00fcr Inhalte:<br>Als Anbieterin dieser Webseite \u00fcbernehme ich keine rechtliche Verantwortung f\u00fcr Inhalte, die \u00fcber externe Links erreichbar sind. \u00dcber Informationen, die mich auf rechtswidrige Inhalte hinweisen, erreichbar \u00fcber externe Links, w\u00fcrde ich mich allerdings freuen.<\/p>\n\n\n\n<p>Urheberrecht:<br>Die Inhalte dieser Seiten unterliegen dem deutschen Urheberrecht. Die Vervielf\u00e4ltigung, Bearbeitung, Verbreitung und jede Art der Verwertung au\u00dferhalb des Urheberrechtes bed\u00fcrfen meiner schriftlichen Zustimmung. Soweit die Inhalte auf dieser Seite nicht von der Betreiberin erstellt wurden, werden die Urheberrechte Dritter beachtet. Insbesondere werden Inhalte Dritter als solche gekennzeichnet. Sollten Sie trotzdem auf eine Urheberrechtsverletzung aufmerksam werden, bitte ich Sie um einen entsprechenden Hinweis. Bei Bekanntwerden von Rechtsverletzungen werde ich derartige Inhalte umgehend entfernen.<\/p>\n","protected":false},"excerpt":{"rendered":"<p>Impressum \u2013 Angaben gem\u00e4\u00df \u00a75 TMG Herausgeberin der Webseite:Mag. rer. nat. Maria H\u00f6hnPraxis f\u00fcr Psychotherapie Maria H\u00f6hnMaria-Ward-Str. 1, 83527 Haag i. OB Kontakt:Telefon: 08072 3767569E-Mail: kontakt[\u00e4t]hoehn-psychotherapie[punkt]de Berufsbezeichnung:Psychologische PsychotherapeutinApprobation verliehen durch die Regierung von Oberbayern Zust\u00e4ndige Kammer und Aufsichtsbeh\u00f6rde:Bayerische Landeskammer der Psychologischen Psychotherapeuten und der Kinder- und Jugendlichenpsychotherapeuten, Birketweg 30, 80639 M\u00fcnchenBerufsrechtliche Regelungen:Berufsordnung f\u00fcr Psychologische Psychotherapeuten &hellip; <a href=\"http:\/\/xn--hhn-psychotherapie-d3b.de\/?page_id=39\" class=\"more-link\"><span class=\"screen-reader-text\">Impressum<\/span> weiterlesen <span class=\"meta-nav\">&rarr;<\/span><\/a><\/p>\n","protected":false},"author":1,"featured_media":0,"parent":0,"menu_order":0,"comment_status":"closed","ping_status":"closed","template":"","meta":[],"_links":{"self":[{"href":"http:\/\/xn--hhn-psychotherapie-d3b.de\/index.php?rest_route=\/wp\/v2\/pages\/39"}],"collection":[{"href":"http:\/\/xn--hhn-psychotherapie-d3b.de\/index.php?rest_route=\/wp\/v2\/pages"}],"about":[{"href":"http:\/\/xn--hhn-psychotherapie-d3b.de\/index.php?rest_route=\/wp\/v2\/types\/page"}],"author":[{"embeddable":true,"href":"http:\/\/xn--hhn-psychotherapie-d3b.de\/index.php?rest_route=\/wp\/v2\/users\/1"}],"replies":[{"embeddable":true,"href":"http:\/\/xn--hhn-psychotherapie-d3b.de\/index.php?rest_route=%2Fwp%2Fv2%2Fcomments&post=39"}],"version-history":[{"count":3,"href":"http:\/\/xn--hhn-psychotherapie-d3b.de\/index.php?rest_route=\/wp\/v2\/pages\/39\/revisions"}],"predecessor-version":[{"id":148,"href":"http:\/\/xn--hhn-psychotherapie-d3b.de\/index.php?rest_route=\/wp\/v2\/pages\/39\/revisions\/148"}],"wp:attachment":[{"href":"http:\/\/xn--hhn-psychotherapie-d3b.de\/index.php?rest_route=%2Fwp%2Fv2%2Fmedia&parent=39"}],"curies":[{"name":"wp","href":"https:\/\/api.w.org\/{rel}","templated":true}]}}