{"id":12,"date":"2021-01-24T17:19:36","date_gmt":"2021-01-24T15:19:36","guid":{"rendered":"http:\/\/xn--hhn-psychotherapie-d3b.de\/?page_id=12"},"modified":"2022-11-11T21:25:46","modified_gmt":"2022-11-11T19:25:46","slug":"willkommen","status":"publish","type":"page","link":"https:\/\/xn--hhn-psychotherapie-d3b.de\/","title":{"rendered":"Willkommen"},"content":{"rendered":"\n<p class=\"has-text-align-center\">&#8222;Wir sind f\u00e4hig gl\u00fccklich zu sein in einer nicht-perfekten Welt, die sich endlos weiter entwickelt&#8220;<strong><br><em>Albert Pesso<\/em><\/strong><\/p>\n\n\n<div class=\"wp-block-image\">\n<figure class=\"aligncenter size-large is-resized\"><a href=\"http:\/\/xn--hhn-psychotherapie-d3b.de\/wp-77f14-content\/uploads\/2021\/02\/20210211_190817.jpg\"><img decoding=\"async\" loading=\"lazy\" src=\"http:\/\/xn--hhn-psychotherapie-d3b.de\/wp-77f14-content\/uploads\/2021\/02\/20210211_190817-edited.jpg\" alt=\"\" class=\"wp-image-134\" width=\"629\" height=\"353.8125\" srcset=\"https:\/\/xn--hhn-psychotherapie-d3b.de\/wp-77f14-content\/uploads\/2021\/02\/20210211_190817-edited.jpg 1514w, https:\/\/xn--hhn-psychotherapie-d3b.de\/wp-77f14-content\/uploads\/2021\/02\/20210211_190817-edited-300x169.jpg 300w, https:\/\/xn--hhn-psychotherapie-d3b.de\/wp-77f14-content\/uploads\/2021\/02\/20210211_190817-edited-1024x576.jpg 1024w, https:\/\/xn--hhn-psychotherapie-d3b.de\/wp-77f14-content\/uploads\/2021\/02\/20210211_190817-edited-768x432.jpg 768w\" sizes=\"(max-width: 1514px) 100vw, 1514px\" \/><\/a><\/figure><\/div>\n\n\n<div style=\"height:40px\" aria-hidden=\"true\" class=\"wp-block-spacer\"><\/div>\n\n\n\n<p class=\"has-text-align-center\">In ruhiger Atmosph\u00e4re, direkt unterhalb der Haager Burg, freue ich mich darauf, Sie begleiten zu d\u00fcrfen und Sie darin zu unterst\u00fctzen, Ihren Weg zu finden, im Umgang mit psychischen Beschwerden, Krisen und Erkrankungen.<\/p>\n\n\n\n<div style=\"height:45px\" aria-hidden=\"true\" class=\"wp-block-spacer\"><\/div>\n\n\n\n<p class=\"has-text-align-center\" style=\"font-size:30px\"><strong>Aktuelles<\/strong><\/p>\n\n\n\n<div class=\"is-layout-flex wp-container-2 wp-block-columns\">\n<div class=\"is-layout-flow wp-block-column\">\n<h5 class=\"has-text-align-center\"><strong>Sitzungen per Video<\/strong><\/h5>\n\n\n\n<p class=\"has-text-align-center\">Auch w\u00e4hrend der Corona Pandemie bin ich weiterhin f\u00fcr Sie da. Ich biete sowohl Sitzungen vor Ort, als auch per Video an.<\/p>\n<\/div>\n<\/div>\n","protected":false},"excerpt":{"rendered":"<p>&#8222;Wir sind f\u00e4hig gl\u00fccklich zu sein in einer nicht-perfekten Welt, die sich endlos weiter entwickelt&#8220;Albert Pesso In ruhiger Atmosph\u00e4re, direkt unterhalb der Haager Burg, freue ich mich darauf, Sie begleiten zu d\u00fcrfen und Sie darin zu unterst\u00fctzen, Ihren Weg zu finden, im Umgang mit psychischen Beschwerden, Krisen und Erkrankungen. Aktuelles Sitzungen per Video Auch w\u00e4hrend &hellip; <a href=\"https:\/\/xn--hhn-psychotherapie-d3b.de\/\" class=\"more-link\"><span class=\"screen-reader-text\">Willkommen<\/span> weiterlesen <span class=\"meta-nav\">&rarr;<\/span><\/a><\/p>\n","protected":false},"author":1,"featured_media":0,"parent":0,"menu_order":0,"comment_status":"closed","ping_status":"closed","template":"","meta":[],"_links":{"self":[{"href":"https:\/\/xn--hhn-psychotherapie-d3b.de\/index.php?rest_route=\/wp\/v2\/pages\/12"}],"collection":[{"href":"https:\/\/xn--hhn-psychotherapie-d3b.de\/index.php?rest_route=\/wp\/v2\/pages"}],"about":[{"href":"https:\/\/xn--hhn-psychotherapie-d3b.de\/index.php?rest_route=\/wp\/v2\/types\/page"}],"author":[{"embeddable":true,"href":"https:\/\/xn--hhn-psychotherapie-d3b.de\/index.php?rest_route=\/wp\/v2\/users\/1"}],"replies":[{"embeddable":true,"href":"https:\/\/xn--hhn-psychotherapie-d3b.de\/index.php?rest_route=%2Fwp%2Fv2%2Fcomments&post=12"}],"version-history":[{"count":29,"href":"https:\/\/xn--hhn-psychotherapie-d3b.de\/index.php?rest_route=\/wp\/v2\/pages\/12\/revisions"}],"predecessor-version":[{"id":154,"href":"https:\/\/xn--hhn-psychotherapie-d3b.de\/index.php?rest_route=\/wp\/v2\/pages\/12\/revisions\/154"}],"wp:attachment":[{"href":"https:\/\/xn--hhn-psychotherapie-d3b.de\/index.php?rest_route=%2Fwp%2Fv2%2Fmedia&parent=12"}],"curies":[{"name":"wp","href":"https:\/\/api.w.org\/{rel}","templated":true}]}}