{"id":32,"date":"2021-01-24T17:33:11","date_gmt":"2021-01-24T15:33:11","guid":{"rendered":"http:\/\/xn--hhn-psychotherapie-d3b.de\/?page_id=32"},"modified":"2021-03-18T13:49:40","modified_gmt":"2021-03-18T11:49:40","slug":"kontakt-und-anfahrt","status":"publish","type":"page","link":"https:\/\/xn--hhn-psychotherapie-d3b.de\/?page_id=32","title":{"rendered":"Kontakt und Anfahrt"},"content":{"rendered":"\n<div style=\"height:40px\" aria-hidden=\"true\" class=\"wp-block-spacer\"><\/div>\n\n\n\n<p>Die Praxis liegt direkt unterhalb der Haager Burg am Beginn der Maria-Ward-Stra\u00dfe.<br>Parkpl\u00e4tze sind am Marktplatz oder am Br\u00e4uhausplatz zu finden.<\/p>\n\n\n\n<div class=\"is-layout-flex wp-container-3 wp-block-columns\">\n<div class=\"is-layout-flow wp-block-column\">\n<p><strong>Kontaktdaten<\/strong>:<\/p>\n\n\n\n<p>Maria-Ward-Stra\u00dfe 1<br>83527 Haag in OB<\/p>\n\n\n\n<p>kontakt[\u00e4t]hoehn-psychotherapie[punkt]de<\/p>\n<\/div>\n\n\n\n<div class=\"is-layout-flow wp-block-column\">\n<p><strong>Telefonische Sprechzeiten:<\/strong><\/p>\n\n\n\n<p>Mittwoch: 11:50 Uhr bis 12:30 Uhr<br>Freitag: 10 Uhr bis 11 Uhr<\/p>\n\n\n\n<p>08072\/3767569<\/p>\n<\/div>\n<\/div>\n\n\n\n<p><\/p>\n","protected":false},"excerpt":{"rendered":"<p>Die Praxis liegt direkt unterhalb der Haager Burg am Beginn der Maria-Ward-Stra\u00dfe.Parkpl\u00e4tze sind am Marktplatz oder am Br\u00e4uhausplatz zu finden. Kontaktdaten: Maria-Ward-Stra\u00dfe 183527 Haag in OB kontakt[\u00e4t]hoehn-psychotherapie[punkt]de Telefonische Sprechzeiten: Mittwoch: 11:50 Uhr bis 12:30 UhrFreitag: 10 Uhr bis 11 Uhr 08072\/3767569<\/p>\n","protected":false},"author":1,"featured_media":0,"parent":0,"menu_order":0,"comment_status":"closed","ping_status":"closed","template":"","meta":[],"_links":{"self":[{"href":"https:\/\/xn--hhn-psychotherapie-d3b.de\/index.php?rest_route=\/wp\/v2\/pages\/32"}],"collection":[{"href":"https:\/\/xn--hhn-psychotherapie-d3b.de\/index.php?rest_route=\/wp\/v2\/pages"}],"about":[{"href":"https:\/\/xn--hhn-psychotherapie-d3b.de\/index.php?rest_route=\/wp\/v2\/types\/page"}],"author":[{"embeddable":true,"href":"https:\/\/xn--hhn-psychotherapie-d3b.de\/index.php?rest_route=\/wp\/v2\/users\/1"}],"replies":[{"embeddable":true,"href":"https:\/\/xn--hhn-psychotherapie-d3b.de\/index.php?rest_route=%2Fwp%2Fv2%2Fcomments&post=32"}],"version-history":[{"count":8,"href":"https:\/\/xn--hhn-psychotherapie-d3b.de\/index.php?rest_route=\/wp\/v2\/pages\/32\/revisions"}],"predecessor-version":[{"id":151,"href":"https:\/\/xn--hhn-psychotherapie-d3b.de\/index.php?rest_route=\/wp\/v2\/pages\/32\/revisions\/151"}],"wp:attachment":[{"href":"https:\/\/xn--hhn-psychotherapie-d3b.de\/index.php?rest_route=%2Fwp%2Fv2%2Fmedia&parent=32"}],"curies":[{"name":"wp","href":"https:\/\/api.w.org\/{rel}","templated":true}]}}