{"id":36,"date":"2021-01-24T17:37:50","date_gmt":"2021-01-24T15:37:50","guid":{"rendered":"http:\/\/xn--hhn-psychotherapie-d3b.de\/?page_id=36"},"modified":"2021-01-24T17:37:50","modified_gmt":"2021-01-24T15:37:50","slug":"datenschutz","status":"publish","type":"page","link":"https:\/\/xn--hhn-psychotherapie-d3b.de\/?page_id=36","title":{"rendered":"Datenschutz"},"content":{"rendered":"\n<p class=\"has-text-align-center\" style=\"font-size:25px\">Datenschutzerkl\u00e4rung<\/p>\n\n\n\n<p class=\"has-text-align-center\" style=\"font-size:25px\">Hinweise zur Datenverarbeitung im Zusammenhang mit Google Analytics<\/p>\n\n\n\n<p>Diese Website benutzt Google Analytics, einen Webanalysedienst der Google Ireland Limited. Wenn der Verantwortliche f\u00fcr die Datenverarbeitung auf dieser Website au\u00dferhalb des Europ\u00e4ischen Wirtschaftsraumes oder der Schweiz sitzt, dann erfolgt die Google Analytics Datenverarbeitung durch Google LLC. Google LLC und Google Ireland Limited werden nachfolgend &#8222;Google&#8220; genannt.<\/p>\n\n\n\n<p>Google Analytics verwendet sog. &#8222;Cookies&#8220;, Textdateien, die auf dem Computer des Seitenbesuchers gespeichert werden und die eine Analyse der Benutzung der Website durch den Seitenbesucher erm\u00f6glichen. Die durch das Cookie erzeugten Informationen \u00fcber die Benutzung dieser Website durch den Seitenbesucher (einschlie\u00dflich der gek\u00fcrzten IP-Adresse) werden in der Regel an einen Server von Google \u00fcbertragen und dort gespeichert.<\/p>\n\n\n\n<p>Google Analytics wird ausschlie\u00dflich mit der Erweiterung &#8222;_anonymizeIp()&#8220; auf dieser Website verwendet. Diese Erweiterung stellt eine Anonymisierung der IP-Adresse durch K\u00fcrzung sicher und schlie\u00dft eine direkte Personenbeziehbarkeit aus. Durch die Erweiterung wird die IP-Adresse von Google innerhalb von Mitgliedstaaten der Europ\u00e4ischen Union oder in anderen Vertragsstaaten des Abkommens \u00fcber den Europ\u00e4ischen Wirtschaftsraum zuvor gek\u00fcrzt. Nur in Ausnahmef\u00e4llen wird die volle IP-Adresse an einen Server von Google in den USA \u00fcbertragen und dort gek\u00fcrzt. Die im Rahmen von Google Analytics von dem entsprechenden Browser \u00fcbermittelte IP-Adresse wird nicht mit anderen Daten von Google zusammengef\u00fchrt.<\/p>\n\n\n\n<p>Im Auftrag der Seitenbetreiberin wird Google die anfallenden Informationen benutzen, um die Nutzung der Website auszuwerten, um Reports \u00fcber die Websiteaktivit\u00e4ten zusammenzustellen und um weitere mit der Webseitennutzung und der Internetnutzung verbundene Dienstleistungen der Seitenbetreiberin gegen\u00fcber zu erbringen (Art. 6 Abs. 1 lit. f DSGVO). Das berechtigte Interesse an der Datenverarbeitung liegt in der Optimierung dieser Website, der Analyse der Benutzung der Webseite und der Anpassung der Inhalte. Die Interessen der Nutzer werden durch die K\u00fcrzung der IP-Adresse und der Anonymisierung seitens Google hinreichend gewahrt.<\/p>\n\n\n\n<p>Google bietet eine Garantie auf Basis der Standardvertragsklauseln ein angemessenes Datenschutzniveau einzuhalten. Die gesendeten und mit Cookies, Nutzerkennungen (z. B. User-ID) oder Werbe-IDs verkn\u00fcpften Daten werden nach 50 Monaten automatisch gel\u00f6scht. Die L\u00f6schung von Daten, deren Aufbewahrungsdauer erreicht ist, erfolgt automatisch einmal im Monat.<\/p>\n\n\n\n<p>Die Erfassung durch Google Analytics kann verhindert werden, indem der Seitenbesucher die Cookie-Einstellungen f\u00fcr diese Webseite anpasst. Der Erfassung und Speicherung der IP-Adresse und der durch Cookies erzeugten Daten kann au\u00dferdem jederzeit mit Wirkung f\u00fcr die Zukunft widersprochen werden. Das entsprechende <a rel=\"noreferrer noopener\" href=\"http:\/\/gaOptOut([&quot;UA-24230794-88&quot;, &quot;UA-107511089-1&quot;]);\" target=\"_blank\">Browser-Plugin<\/a> kann heruntergeladen und installiert werden. Es wird ein Opt-Out-Cookie gesetzt, der die zuk\u00fcnftige Erfassung der Daten beim Besuch dieser Website verhindert.<\/p>\n\n\n\n<p>Weitere Informationen zur Datennutzung durch Google, Einstellungs- und Widerspruchsm\u00f6glichkeiten, finden sich in der Datenschutzerkl\u00e4rung von <a rel=\"noreferrer noopener\" href=\"https:\/\/policies.google.com\/privacy\" target=\"_blank\">Google<\/a> sowie in den Einstellungen f\u00fcr die Darstellung von Werbeeinblendungen durch <a rel=\"noreferrer noopener\" href=\"https:\/\/adssettings.google.com\/authenticated\" target=\"_blank\">Google<\/a>.<\/p>\n\n\n\n<p class=\"has-text-align-center\" style=\"font-size:25px\">Sicherheit der Seite<\/p>\n\n\n\n<p>Zur Absicherung meiner Seite gegen Angriffe von sogenannten Bots nutze ich den Dienst reCAPTCHA vom Google. Dieser Dienst erm\u00f6glicht es mir zu \u00fcberpr\u00fcfen ob der Nutzer meiner Seite ein Mensch oder eine Maschine ist. Sie k\u00f6nnen sich Details zu diesem Dienst unter der <a rel=\"noreferrer noopener\" href=\"https:\/\/policies.google.com\/privacy?hl=de\" target=\"_blank\">Informationsseite von Google<\/a> detailliert anschauen.<\/p>\n","protected":false},"excerpt":{"rendered":"<p>Datenschutzerkl\u00e4rung Hinweise zur Datenverarbeitung im Zusammenhang mit Google Analytics Diese Website benutzt Google Analytics, einen Webanalysedienst der Google Ireland Limited. Wenn der Verantwortliche f\u00fcr die Datenverarbeitung auf dieser Website au\u00dferhalb des Europ\u00e4ischen Wirtschaftsraumes oder der Schweiz sitzt, dann erfolgt die Google Analytics Datenverarbeitung durch Google LLC. Google LLC und Google Ireland Limited werden nachfolgend &#8222;Google&#8220; &hellip; <a href=\"https:\/\/xn--hhn-psychotherapie-d3b.de\/?page_id=36\" class=\"more-link\"><span class=\"screen-reader-text\">Datenschutz<\/span> weiterlesen <span class=\"meta-nav\">&rarr;<\/span><\/a><\/p>\n","protected":false},"author":1,"featured_media":0,"parent":0,"menu_order":0,"comment_status":"closed","ping_status":"closed","template":"","meta":[],"_links":{"self":[{"href":"https:\/\/xn--hhn-psychotherapie-d3b.de\/index.php?rest_route=\/wp\/v2\/pages\/36"}],"collection":[{"href":"https:\/\/xn--hhn-psychotherapie-d3b.de\/index.php?rest_route=\/wp\/v2\/pages"}],"about":[{"href":"https:\/\/xn--hhn-psychotherapie-d3b.de\/index.php?rest_route=\/wp\/v2\/types\/page"}],"author":[{"embeddable":true,"href":"https:\/\/xn--hhn-psychotherapie-d3b.de\/index.php?rest_route=\/wp\/v2\/users\/1"}],"replies":[{"embeddable":true,"href":"https:\/\/xn--hhn-psychotherapie-d3b.de\/index.php?rest_route=%2Fwp%2Fv2%2Fcomments&post=36"}],"version-history":[{"count":1,"href":"https:\/\/xn--hhn-psychotherapie-d3b.de\/index.php?rest_route=\/wp\/v2\/pages\/36\/revisions"}],"predecessor-version":[{"id":38,"href":"https:\/\/xn--hhn-psychotherapie-d3b.de\/index.php?rest_route=\/wp\/v2\/pages\/36\/revisions\/38"}],"wp:attachment":[{"href":"https:\/\/xn--hhn-psychotherapie-d3b.de\/index.php?rest_route=%2Fwp%2Fv2%2Fmedia&parent=36"}],"curies":[{"name":"wp","href":"https:\/\/api.w.org\/{rel}","templated":true}]}}